{"id":708,"date":"2021-03-02T20:00:34","date_gmt":"2021-03-03T01:00:34","guid":{"rendered":"https:\/\/www.cscno-wnchc.org\/?page_id=708"},"modified":"2025-06-17T19:51:59","modified_gmt":"2025-06-17T23:51:59","slug":"soins-primaires","status":"publish","type":"page","link":"https:\/\/www.cscno-wnchc.org\/fr\/services\/soins-primaires\/","title":{"rendered":"Soins primaires"},"content":{"rendered":"\t\t<div data-elementor-type=\"wp-page\" data-elementor-id=\"708\" class=\"elementor elementor-708 elementor-12\" data-elementor-post-type=\"page\">\n\t\t\t\t\t\t<section class=\"elementor-section elementor-top-section elementor-element elementor-element-e5314ce elementor-section-boxed elementor-section-height-default elementor-section-height-default\" data-id=\"e5314ce\" data-element_type=\"section\" data-e-type=\"section\">\n\t\t\t\t\t\t<div class=\"elementor-container elementor-column-gap-default\">\n\t\t\t\t\t<div class=\"elementor-column elementor-col-100 elementor-top-column elementor-element elementor-element-1ea3980\" data-id=\"1ea3980\" data-element_type=\"column\" data-e-type=\"column\">\n\t\t\t<div class=\"elementor-widget-wrap elementor-element-populated\">\n\t\t\t\t\t\t<div class=\"elementor-element elementor-element-0890f13 elementor-widget elementor-widget-text-editor\" data-id=\"0890f13\" data-element_type=\"widget\" data-e-type=\"widget\" data-widget_type=\"text-editor.default\">\n\t\t\t\t\t\t\t\t\t<p>Les services de soins primaires offrent une gamme de services aux clients enregistr\u00e9s. Ces services comprennent : la pr\u00e9vention, le diagnostic, la gestion et le traitement. Nous proposons une approche multidisciplinaire des soins primaires et notre \u00e9quipe clinique est compos\u00e9e de :<\/p><ul><li><p class=\"p1\">M\u00e9decins<\/p><\/li><li><p class=\"p1\">Infirmi\u00e8res praticiennes<\/p><\/li><li><p class=\"p1\">Infirmi\u00e8res autoris\u00e9es<\/p><\/li><li><p class=\"p1\">Infirmi\u00e8res auxiliaires<\/p><\/li><li><p class=\"p1\">Intervenante sociale<\/p><\/li><li><p class=\"p1\">Di\u00e9t\u00e9tiste<\/p><\/li><\/ul><div class=\"wp-block-spacer\" style=\"height: 20px;\" aria-hidden=\"true\">\u00a0<\/div><p class=\"p1\">Notre \u00e9quipe travaille ensemble pour coordonner les meilleurs soins possibles pour vos besoins de sant\u00e9.<span class=\"Apple-converted-space\">\u00a0 <\/span>Nous encourageons tous nos clients \u00e0 prendre leur sant\u00e9 en main et \u00e0 participer activement \u00e0 leurs soins.<\/p><p class=\"p1\">Les clients des soins primaires peuvent maintenant annuler leur rendez-vous avec leur m\u00e9decin ou leur infirmi\u00e8re praticienne ou leur envoyer un document priv\u00e9. Il leur suffit d&rsquo;indiquer leur num\u00e9ro de carte d&rsquo;assurance maladie et leur date de naissance.<\/p><p class=\"p1\"><strong>C&rsquo;est simple et rapide !<\/strong><\/p>\t\t\t\t\t\t\t\t<\/div>\n\t\t\t\t<section class=\"elementor-section elementor-inner-section elementor-element elementor-element-e8c359d elementor-section-boxed elementor-section-height-default elementor-section-height-default\" data-id=\"e8c359d\" data-element_type=\"section\" data-e-type=\"section\">\n\t\t\t\t\t\t<div class=\"elementor-container elementor-column-gap-default\">\n\t\t\t\t\t<div class=\"elementor-column elementor-col-50 elementor-inner-column elementor-element elementor-element-3e628c2\" data-id=\"3e628c2\" data-element_type=\"column\" data-e-type=\"column\">\n\t\t\t<div class=\"elementor-widget-wrap elementor-element-populated\">\n\t\t\t\t\t\t<div class=\"elementor-element elementor-element-65d4b71 elementor-widget elementor-widget-image\" data-id=\"65d4b71\" data-element_type=\"widget\" data-e-type=\"widget\" data-widget_type=\"image.default\">\n\t\t\t\t\t\t\t\t\t\t\t\t\t\t\t\t<a href=\"https:\/\/ocean.cognisantmd.com\/eRequest\/8bf8658c-133c-48bf-ad15-be16aca3931c\" target=\"_blank\">\n\t\t\t\t\t\t\t<img decoding=\"async\" src=\"https:\/\/www.cscno-wnchc.org\/wp-content\/uploads\/elementor\/thumbs\/ConnectFR-1-rhd0q6cv2v3r9mmlgdfohdoi7gg0ytq97avdagkn1i.png\" title=\"ConnectFR.png\" alt=\"ConnectFR.png\" loading=\"lazy\" \/>\t\t\t\t\t\t\t\t<\/a>\n\t\t\t\t\t\t\t\t\t\t\t\t\t\t\t<\/div>\n\t\t\t\t\t<\/div>\n\t\t<\/div>\n\t\t\t\t<div class=\"elementor-column elementor-col-50 elementor-inner-column elementor-element elementor-element-3f15930\" data-id=\"3f15930\" data-element_type=\"column\" data-e-type=\"column\">\n\t\t\t<div class=\"elementor-widget-wrap elementor-element-populated\">\n\t\t\t\t\t\t<div class=\"elementor-element elementor-element-c93a5d4 elementor-widget elementor-widget-image\" data-id=\"c93a5d4\" data-element_type=\"widget\" data-e-type=\"widget\" data-widget_type=\"image.default\">\n\t\t\t\t\t\t\t\t\t\t\t\t\t\t\t\t<a href=\"https:\/\/ocean.cognisantmd.com\/eRequest\/8bf8658c-133c-48bf-ad15-be16aca3931c\" target=\"_blank\">\n\t\t\t\t\t\t\t<img decoding=\"async\" src=\"https:\/\/www.cscno-wnchc.org\/wp-content\/uploads\/elementor\/thumbs\/votre-rendez-vous-1-rhd0q6cv2v3r9mmlgdfohdoi7gg0ytq97avdagkn1i.png\" title=\"votre-rendez-vous.png\" alt=\"votre-rendez-vous.png\" loading=\"lazy\" \/>\t\t\t\t\t\t\t\t<\/a>\n\t\t\t\t\t\t\t\t\t\t\t\t\t\t\t<\/div>\n\t\t\t\t\t<\/div>\n\t\t<\/div>\n\t\t\t\t\t<\/div>\n\t\t<\/section>\n\t\t\t\t<div class=\"elementor-element elementor-element-a51c607 elementor-widget elementor-widget-image\" data-id=\"a51c607\" data-element_type=\"widget\" data-e-type=\"widget\" data-widget_type=\"image.default\">\n\t\t\t\t\t\t\t\t\t\t\t\t\t\t\t<img fetchpriority=\"high\" decoding=\"async\" width=\"768\" height=\"1024\" src=\"https:\/\/www.cscno-wnchc.org\/wp-content\/uploads\/2025\/03\/No-New-Clients-768x1024.jpg\" class=\"attachment-large size-large wp-image-11135\" alt=\"\" srcset=\"https:\/\/www.cscno-wnchc.org\/wp-content\/uploads\/2025\/03\/No-New-Clients-768x1024.jpg 768w, https:\/\/www.cscno-wnchc.org\/wp-content\/uploads\/2025\/03\/No-New-Clients-225x300.jpg 225w, https:\/\/www.cscno-wnchc.org\/wp-content\/uploads\/2025\/03\/No-New-Clients-1152x1536.jpg 1152w, https:\/\/www.cscno-wnchc.org\/wp-content\/uploads\/2025\/03\/No-New-Clients-1536x2048.jpg 1536w, https:\/\/www.cscno-wnchc.org\/wp-content\/uploads\/2025\/03\/No-New-Clients-600x800.jpg 600w, https:\/\/www.cscno-wnchc.org\/wp-content\/uploads\/2025\/03\/No-New-Clients-scaled.jpg 1920w\" sizes=\"(max-width: 768px) 100vw, 768px\" \/>\t\t\t\t\t\t\t\t\t\t\t\t\t\t\t<\/div>\n\t\t\t\t<div class=\"elementor-element elementor-element-0486513 elementor-widget elementor-widget-text-editor\" data-id=\"0486513\" data-element_type=\"widget\" data-e-type=\"widget\" data-widget_type=\"text-editor.default\">\n\t\t\t\t\t\t\t\t\t<p>Afin de recevoir des services de sant\u00e9 du CSCNO, vous devez tout d\u2019abord vous inscrire au centre. Les services de sant\u00e9 offerts au centre seront disponibles pour les gens qui demeurent dans la r\u00e9gion de Nipissing Ouest et qui n\u2019ont pas de fournisseur de soins de sant\u00e9 primaires, c\u2019est \u00e0 dire un m\u00e9decin de famille ou un infirmier ou une infirmi\u00e8re praticien(ne).<\/p><p><strong>Puisque le nombre de gens sur notre liste d\u2019attente d\u00e9passe consid\u00e9rablement notre capacit\u00e9, soyez avis\u00e9 que nous n\u2019acceptons plus de nouveaux formulaires de demande de services de soins primaires, jusqu\u2019\u00e0 avis contraire.<\/strong><\/p><p>Le CSCNO offre aussi une vari\u00e9t\u00e9 de services et programmes communautaires portant sur la pr\u00e9vention de maladie sous forme de sessions d\u2019\u00e9ducation et groupes d\u2019exercices ou de socialisation. Ces programmes sont offerts \u00e0 tous, pas seulement aux clients inscrits. Pour plus de renseignements sur les activit\u00e9s en promotion de la sant\u00e9 cliquez sur la rubrique \u00ab\u00a0Sant\u00e9 communautaire\u00a0\u00bb.<\/p>\t\t\t\t\t\t\t\t<\/div>\n\t\t\t\t\t<\/div>\n\t\t<\/div>\n\t\t\t\t\t<\/div>\n\t\t<\/section>\n\t\t\t\t<section class=\"elementor-section elementor-top-section elementor-element elementor-element-0339085 elementor-section-boxed elementor-section-height-default elementor-section-height-default\" data-id=\"0339085\" data-element_type=\"section\" data-e-type=\"section\">\n\t\t\t\t\t\t<div class=\"elementor-container elementor-column-gap-default\">\n\t\t\t\t\t<div class=\"elementor-column elementor-col-100 elementor-top-column elementor-element elementor-element-072909a\" data-id=\"072909a\" data-element_type=\"column\" data-e-type=\"column\">\n\t\t\t<div class=\"elementor-widget-wrap elementor-element-populated\">\n\t\t\t\t\t\t<div class=\"elementor-element elementor-element-d4f4e4b elementor-cta--layout-image-above elementor-cta--tablet-layout-image-above elementor-cta--valign-middle elementor-cta--skin-classic elementor-animated-content elementor-bg-transform elementor-bg-transform-zoom-in elementor-widget elementor-widget-call-to-action\" data-id=\"d4f4e4b\" data-element_type=\"widget\" data-e-type=\"widget\" data-widget_type=\"call-to-action.default\">\n\t\t\t\t\t\t\t<a class=\"elementor-cta\" href=\"https:\/\/www.cscno-wnchc.org\/fr\/a-propos-de-nous\/nous-demandons-car-nous-nous-soucions\/\">\n\t\t\t\t\t<div class=\"elementor-cta__bg-wrapper\">\n\t\t\t\t<div class=\"elementor-cta__bg elementor-bg\" style=\"background-image: url(https:\/\/www.cscno-wnchc.org\/wp-content\/uploads\/2023\/08\/Nous-demandons-car-nous-nous-soucions-4.png);\" role=\"img\" aria-label=\"Nous-demandons-car-nous-nous-soucions.png\"><\/div>\n\t\t\t\t<div class=\"elementor-cta__bg-overlay\"><\/div>\n\t\t\t<\/div>\n\t\t\t\t\t\t\t<div class=\"elementor-cta__content\">\n\t\t\t\t\t\t\t\t\t<div class=\"elementor-content-item elementor-cta__content-item elementor-icon-wrapper elementor-cta__icon elementor-view-default\">\n\t\t\t\t\t\t<div class=\"elementor-icon\">\n\t\t\t\t\t\t\t<i aria-hidden=\"true\" class=\"far fa-heart\"><\/i>\t\t\t\t\t\t<\/div>\n\t\t\t\t\t<\/div>\n\t\t\t\t\n\t\t\t\t\t\t\t\t\t<h2 class=\"elementor-cta__title elementor-cta__content-item elementor-content-item\">\n\t\t\t\t\t\tNous demandons car nous nous soucions. \t\t\t\t\t<\/h2>\n\t\t\t\t\n\t\t\t\t\t\t\t\t\t<div class=\"elementor-cta__description elementor-cta__content-item elementor-content-item\">\n\t\t\t\t\t\tLe Centre de sant\u00e9 communautaire de Nipissing Ouest (CSCNO) met \u00e0 jour et\/ou recueille des informations pour nous aider \u00e0 mieux conna\u00eetre les clients que nous desservons et \u00e0 d\u00e9velopper des programmes et des services qui r\u00e9pondent \u00e0 leurs besoins afin d\u2019am\u00e9liorer les r\u00e9sultats de sant\u00e9 globaux dans notre communaut\u00e9.\t\t\t\t\t<\/div>\n\t\t\t\t\n\t\t\t\t\t\t\t\t\t<div class=\"elementor-cta__button-wrapper elementor-cta__content-item elementor-content-item \">\n\t\t\t\t\t<span class=\"elementor-cta__button elementor-button elementor-size-\">\n\t\t\t\t\t\tEn savior plus\t\t\t\t\t<\/span>\n\t\t\t\t\t<\/div>\n\t\t\t\t\t\t\t<\/div>\n\t\t\t\t\t\t<\/a>\n\t\t\t\t\t\t<\/div>\n\t\t\t\t\t<\/div>\n\t\t<\/div>\n\t\t\t\t\t<\/div>\n\t\t<\/section>\n\t\t\t\t<\/div>\n\t\t","protected":false},"excerpt":{"rendered":"<p>Les services de soins primaires offrent une gamme de services aux clients enregistr\u00e9s. Ces services comprennent : la pr\u00e9vention, le diagnostic, la gestion et le traitement. Nous proposons une approche [&hellip;]<\/p>\n","protected":false},"author":2,"featured_media":466,"parent":253,"menu_order":0,"comment_status":"closed","ping_status":"closed","template":"","meta":{"_acf_changed":false,"footnotes":""},"class_list":["post-708","page","type-page","status-publish","has-post-thumbnail","hentry"],"acf":[],"yoast_head":"<!-- This site is optimized with the Yoast SEO Premium plugin v27.4 (Yoast SEO v27.4) - https:\/\/yoast.com\/product\/yoast-seo-premium-wordpress\/ -->\n<title>Soins primaires - Centre de sant\u00e9 communautaire de Nipissing Ouest - West Nipissing Community Health Centre<\/title>\n<meta name=\"robots\" content=\"index, follow, max-snippet:-1, max-image-preview:large, max-video-preview:-1\" \/>\n<link rel=\"canonical\" href=\"https:\/\/www.cscno-wnchc.org\/fr\/services\/soins-primaires\/\" \/>\n<meta property=\"og:locale\" content=\"fr_FR\" \/>\n<meta property=\"og:type\" content=\"article\" \/>\n<meta property=\"og:title\" content=\"Soins primaires\" \/>\n<meta property=\"og:description\" content=\"Les services de soins primaires offrent une gamme de services aux clients enregistr\u00e9s. Ces services comprennent : la pr\u00e9vention, le diagnostic, la gestion et le traitement. Nous proposons une approche [&hellip;]\" \/>\n<meta property=\"og:url\" content=\"https:\/\/www.cscno-wnchc.org\/fr\/services\/soins-primaires\/\" \/>\n<meta property=\"og:site_name\" content=\"Centre de sant\u00e9 communautaire de Nipissing Ouest - West Nipissing Community Health Centre\" \/>\n<meta property=\"article:publisher\" content=\"https:\/\/www.facebook.com\/WestNipissingCHC\/\" \/>\n<meta property=\"article:modified_time\" content=\"2025-06-17T23:51:59+00:00\" \/>\n<meta property=\"og:image\" content=\"https:\/\/www.cscno-wnchc.org\/wp-content\/uploads\/2021\/02\/primary-1.jpg\" \/>\n\t<meta property=\"og:image:width\" content=\"1169\" \/>\n\t<meta property=\"og:image:height\" content=\"220\" \/>\n\t<meta property=\"og:image:type\" content=\"image\/jpeg\" \/>\n<meta name=\"twitter:card\" content=\"summary_large_image\" \/>\n<meta name=\"twitter:label1\" content=\"Dur\u00e9e de lecture estim\u00e9e\" \/>\n\t<meta name=\"twitter:data1\" content=\"3 minutes\" \/>\n<script type=\"application\/ld+json\" class=\"yoast-schema-graph\">{\"@context\":\"https:\\\/\\\/schema.org\",\"@graph\":[{\"@type\":\"WebPage\",\"@id\":\"https:\\\/\\\/www.cscno-wnchc.org\\\/fr\\\/services\\\/soins-primaires\\\/\",\"url\":\"https:\\\/\\\/www.cscno-wnchc.org\\\/fr\\\/services\\\/soins-primaires\\\/\",\"name\":\"Soins primaires - Centre de sant\u00e9 communautaire de Nipissing Ouest - West Nipissing Community Health Centre\",\"isPartOf\":{\"@id\":\"https:\\\/\\\/www.cscno-wnchc.org\\\/fr\\\/#website\"},\"primaryImageOfPage\":{\"@id\":\"https:\\\/\\\/www.cscno-wnchc.org\\\/fr\\\/services\\\/soins-primaires\\\/#primaryimage\"},\"image\":{\"@id\":\"https:\\\/\\\/www.cscno-wnchc.org\\\/fr\\\/services\\\/soins-primaires\\\/#primaryimage\"},\"thumbnailUrl\":\"https:\\\/\\\/www.cscno-wnchc.org\\\/wp-content\\\/uploads\\\/2021\\\/02\\\/primary-1.jpg\",\"datePublished\":\"2021-03-03T01:00:34+00:00\",\"dateModified\":\"2025-06-17T23:51:59+00:00\",\"breadcrumb\":{\"@id\":\"https:\\\/\\\/www.cscno-wnchc.org\\\/fr\\\/services\\\/soins-primaires\\\/#breadcrumb\"},\"inLanguage\":\"fr-FR\",\"potentialAction\":[{\"@type\":\"ReadAction\",\"target\":[\"https:\\\/\\\/www.cscno-wnchc.org\\\/fr\\\/services\\\/soins-primaires\\\/\"]}]},{\"@type\":\"ImageObject\",\"inLanguage\":\"fr-FR\",\"@id\":\"https:\\\/\\\/www.cscno-wnchc.org\\\/fr\\\/services\\\/soins-primaires\\\/#primaryimage\",\"url\":\"https:\\\/\\\/www.cscno-wnchc.org\\\/wp-content\\\/uploads\\\/2021\\\/02\\\/primary-1.jpg\",\"contentUrl\":\"https:\\\/\\\/www.cscno-wnchc.org\\\/wp-content\\\/uploads\\\/2021\\\/02\\\/primary-1.jpg\",\"width\":1169,\"height\":220},{\"@type\":\"BreadcrumbList\",\"@id\":\"https:\\\/\\\/www.cscno-wnchc.org\\\/fr\\\/services\\\/soins-primaires\\\/#breadcrumb\",\"itemListElement\":[{\"@type\":\"ListItem\",\"position\":1,\"name\":\"Home\",\"item\":\"https:\\\/\\\/www.cscno-wnchc.org\\\/fr\\\/\"},{\"@type\":\"ListItem\",\"position\":2,\"name\":\"Services\",\"item\":\"https:\\\/\\\/www.cscno-wnchc.org\\\/fr\\\/services\\\/\"},{\"@type\":\"ListItem\",\"position\":3,\"name\":\"Soins primaires\"}]},{\"@type\":\"WebSite\",\"@id\":\"https:\\\/\\\/www.cscno-wnchc.org\\\/fr\\\/#website\",\"url\":\"https:\\\/\\\/www.cscno-wnchc.org\\\/fr\\\/\",\"name\":\"Centre de sant\u00e9 communautaire de Nipissing Ouest - West Nipissing Community Health Centre\",\"description\":\"Centre de sant\u00e9 communautaire de Nipissing Ouest - West Nipissing Community Health Centre\",\"publisher\":{\"@id\":\"https:\\\/\\\/www.cscno-wnchc.org\\\/fr\\\/#organization\"},\"potentialAction\":[{\"@type\":\"SearchAction\",\"target\":{\"@type\":\"EntryPoint\",\"urlTemplate\":\"https:\\\/\\\/www.cscno-wnchc.org\\\/fr\\\/?s={search_term_string}\"},\"query-input\":{\"@type\":\"PropertyValueSpecification\",\"valueRequired\":true,\"valueName\":\"search_term_string\"}}],\"inLanguage\":\"fr-FR\"},{\"@type\":\"Organization\",\"@id\":\"https:\\\/\\\/www.cscno-wnchc.org\\\/fr\\\/#organization\",\"name\":\"Centre de sant\u00e9 communautaire de Nipissing Ouest - West Nipissing Community Health Centre\",\"url\":\"https:\\\/\\\/www.cscno-wnchc.org\\\/fr\\\/\",\"logo\":{\"@type\":\"ImageObject\",\"inLanguage\":\"fr-FR\",\"@id\":\"https:\\\/\\\/www.cscno-wnchc.org\\\/fr\\\/#\\\/schema\\\/logo\\\/image\\\/\",\"url\":\"https:\\\/\\\/www.cscno-wnchc.org\\\/wp-content\\\/uploads\\\/2021\\\/06\\\/CSCNO_WNCHC_Badge.jpg\",\"contentUrl\":\"https:\\\/\\\/www.cscno-wnchc.org\\\/wp-content\\\/uploads\\\/2021\\\/06\\\/CSCNO_WNCHC_Badge.jpg\",\"width\":653,\"height\":569,\"caption\":\"Centre de sant\u00e9 communautaire de Nipissing Ouest - West Nipissing Community Health Centre\"},\"image\":{\"@id\":\"https:\\\/\\\/www.cscno-wnchc.org\\\/fr\\\/#\\\/schema\\\/logo\\\/image\\\/\"},\"sameAs\":[\"https:\\\/\\\/www.facebook.com\\\/WestNipissingCHC\\\/\"]}]}<\/script>\n<!-- \/ Yoast SEO Premium plugin. -->","yoast_head_json":{"title":"Soins primaires - Centre de sant\u00e9 communautaire de Nipissing Ouest - West Nipissing Community Health Centre","robots":{"index":"index","follow":"follow","max-snippet":"max-snippet:-1","max-image-preview":"max-image-preview:large","max-video-preview":"max-video-preview:-1"},"canonical":"https:\/\/www.cscno-wnchc.org\/fr\/services\/soins-primaires\/","og_locale":"fr_FR","og_type":"article","og_title":"Soins primaires","og_description":"Les services de soins primaires offrent une gamme de services aux clients enregistr\u00e9s. Ces services comprennent : la pr\u00e9vention, le diagnostic, la gestion et le traitement. Nous proposons une approche [&hellip;]","og_url":"https:\/\/www.cscno-wnchc.org\/fr\/services\/soins-primaires\/","og_site_name":"Centre de sant\u00e9 communautaire de Nipissing Ouest - West Nipissing Community Health Centre","article_publisher":"https:\/\/www.facebook.com\/WestNipissingCHC\/","article_modified_time":"2025-06-17T23:51:59+00:00","og_image":[{"width":1169,"height":220,"url":"https:\/\/www.cscno-wnchc.org\/wp-content\/uploads\/2021\/02\/primary-1.jpg","type":"image\/jpeg"}],"twitter_card":"summary_large_image","twitter_misc":{"Dur\u00e9e de lecture estim\u00e9e":"3 minutes"},"schema":{"@context":"https:\/\/schema.org","@graph":[{"@type":"WebPage","@id":"https:\/\/www.cscno-wnchc.org\/fr\/services\/soins-primaires\/","url":"https:\/\/www.cscno-wnchc.org\/fr\/services\/soins-primaires\/","name":"Soins primaires - Centre de sant\u00e9 communautaire de Nipissing Ouest - West Nipissing Community Health Centre","isPartOf":{"@id":"https:\/\/www.cscno-wnchc.org\/fr\/#website"},"primaryImageOfPage":{"@id":"https:\/\/www.cscno-wnchc.org\/fr\/services\/soins-primaires\/#primaryimage"},"image":{"@id":"https:\/\/www.cscno-wnchc.org\/fr\/services\/soins-primaires\/#primaryimage"},"thumbnailUrl":"https:\/\/www.cscno-wnchc.org\/wp-content\/uploads\/2021\/02\/primary-1.jpg","datePublished":"2021-03-03T01:00:34+00:00","dateModified":"2025-06-17T23:51:59+00:00","breadcrumb":{"@id":"https:\/\/www.cscno-wnchc.org\/fr\/services\/soins-primaires\/#breadcrumb"},"inLanguage":"fr-FR","potentialAction":[{"@type":"ReadAction","target":["https:\/\/www.cscno-wnchc.org\/fr\/services\/soins-primaires\/"]}]},{"@type":"ImageObject","inLanguage":"fr-FR","@id":"https:\/\/www.cscno-wnchc.org\/fr\/services\/soins-primaires\/#primaryimage","url":"https:\/\/www.cscno-wnchc.org\/wp-content\/uploads\/2021\/02\/primary-1.jpg","contentUrl":"https:\/\/www.cscno-wnchc.org\/wp-content\/uploads\/2021\/02\/primary-1.jpg","width":1169,"height":220},{"@type":"BreadcrumbList","@id":"https:\/\/www.cscno-wnchc.org\/fr\/services\/soins-primaires\/#breadcrumb","itemListElement":[{"@type":"ListItem","position":1,"name":"Home","item":"https:\/\/www.cscno-wnchc.org\/fr\/"},{"@type":"ListItem","position":2,"name":"Services","item":"https:\/\/www.cscno-wnchc.org\/fr\/services\/"},{"@type":"ListItem","position":3,"name":"Soins primaires"}]},{"@type":"WebSite","@id":"https:\/\/www.cscno-wnchc.org\/fr\/#website","url":"https:\/\/www.cscno-wnchc.org\/fr\/","name":"Centre de sant\u00e9 communautaire de Nipissing Ouest - West Nipissing Community Health Centre","description":"Centre de sant\u00e9 communautaire de Nipissing Ouest - West Nipissing Community Health Centre","publisher":{"@id":"https:\/\/www.cscno-wnchc.org\/fr\/#organization"},"potentialAction":[{"@type":"SearchAction","target":{"@type":"EntryPoint","urlTemplate":"https:\/\/www.cscno-wnchc.org\/fr\/?s={search_term_string}"},"query-input":{"@type":"PropertyValueSpecification","valueRequired":true,"valueName":"search_term_string"}}],"inLanguage":"fr-FR"},{"@type":"Organization","@id":"https:\/\/www.cscno-wnchc.org\/fr\/#organization","name":"Centre de sant\u00e9 communautaire de Nipissing Ouest - West Nipissing Community Health Centre","url":"https:\/\/www.cscno-wnchc.org\/fr\/","logo":{"@type":"ImageObject","inLanguage":"fr-FR","@id":"https:\/\/www.cscno-wnchc.org\/fr\/#\/schema\/logo\/image\/","url":"https:\/\/www.cscno-wnchc.org\/wp-content\/uploads\/2021\/06\/CSCNO_WNCHC_Badge.jpg","contentUrl":"https:\/\/www.cscno-wnchc.org\/wp-content\/uploads\/2021\/06\/CSCNO_WNCHC_Badge.jpg","width":653,"height":569,"caption":"Centre de sant\u00e9 communautaire de Nipissing Ouest - West Nipissing Community Health Centre"},"image":{"@id":"https:\/\/www.cscno-wnchc.org\/fr\/#\/schema\/logo\/image\/"},"sameAs":["https:\/\/www.facebook.com\/WestNipissingCHC\/"]}]}},"_links":{"self":[{"href":"https:\/\/www.cscno-wnchc.org\/fr\/wp-json\/wp\/v2\/pages\/708","targetHints":{"allow":["GET"]}}],"collection":[{"href":"https:\/\/www.cscno-wnchc.org\/fr\/wp-json\/wp\/v2\/pages"}],"about":[{"href":"https:\/\/www.cscno-wnchc.org\/fr\/wp-json\/wp\/v2\/types\/page"}],"author":[{"embeddable":true,"href":"https:\/\/www.cscno-wnchc.org\/fr\/wp-json\/wp\/v2\/users\/2"}],"replies":[{"embeddable":true,"href":"https:\/\/www.cscno-wnchc.org\/fr\/wp-json\/wp\/v2\/comments?post=708"}],"version-history":[{"count":0,"href":"https:\/\/www.cscno-wnchc.org\/fr\/wp-json\/wp\/v2\/pages\/708\/revisions"}],"up":[{"embeddable":true,"href":"https:\/\/www.cscno-wnchc.org\/fr\/wp-json\/wp\/v2\/pages\/253"}],"wp:featuredmedia":[{"embeddable":true,"href":"https:\/\/www.cscno-wnchc.org\/fr\/wp-json\/wp\/v2\/media\/466"}],"wp:attachment":[{"href":"https:\/\/www.cscno-wnchc.org\/fr\/wp-json\/wp\/v2\/media?parent=708"}],"curies":[{"name":"wp","href":"https:\/\/api.w.org\/{rel}","templated":true}]}}