{"id":253,"date":"2021-02-12T15:34:07","date_gmt":"2021-02-12T20:34:07","guid":{"rendered":"https:\/\/www.cscno-wnchc.org\/?page_id=253"},"modified":"2021-09-23T14:15:55","modified_gmt":"2021-09-23T18:15:55","slug":"services","status":"publish","type":"page","link":"https:\/\/www.cscno-wnchc.org\/fr\/services\/","title":{"rendered":"Services"},"content":{"rendered":"\n<h4 class=\"wp-block-heading\" id=\"h-le-cscno-offre-une-vari-t-de-programmes-et-services-pour-appuyer-le-maintien-et-l-am-lioration-de-la-sant-et-du-bien-tre-de-r-sidents-de-la-municipalit-de-nipissing-ouest-et-des-communaut-s-de-la-premi-re-nation-de-nipissing\">Le CSCNO offre une vari\u00e9t\u00e9 de programmes et services pour appuyer le maintien et l\u2019am\u00e9lioration de la sant\u00e9 et du bien-\u00eatre de r\u00e9sidents de la Municipalit\u00e9 de Nipissing Ouest et des communaut\u00e9s de la Premi\u00e8re Nation de Nipissing.<\/h4>\n\n\n\n<h4 class=\"wp-block-heading\" id=\"h-nous-sommes-engag-s\">Nous sommes engag\u00e9s \u00e0&nbsp;:<\/h4>\n\n\n\n<ul class=\"wp-block-list\"><li>Fournir des services dans les deux langues officielles;<\/li><li>Fournir des soins primaires et des services de promotion de la sant\u00e9 et de pr\u00e9vention des maladies de par une \u00e9quipe interdisciplinaire;<\/li><li>Coordonner des services dans le Nipissing Ouest tout en cr\u00e9ant des partenariats et en int\u00e9grant des services pour am\u00e9liorer la sant\u00e9.<\/li><\/ul>\n","protected":false},"excerpt":{"rendered":"<p>Le CSCNO offre une vari\u00e9t\u00e9 de programmes et services pour appuyer le maintien et l\u2019am\u00e9lioration de la sant\u00e9 et du bien-\u00eatre de r\u00e9sidents de la Municipalit\u00e9 de Nipissing Ouest et [&hellip;]<\/p>\n","protected":false},"author":2,"featured_media":199,"parent":0,"menu_order":0,"comment_status":"closed","ping_status":"closed","template":"","meta":{"_acf_changed":false,"footnotes":""},"class_list":["post-253","page","type-page","status-publish","has-post-thumbnail","hentry"],"acf":[],"yoast_head":"<!-- This site is optimized with the Yoast SEO Premium plugin v27.4 (Yoast SEO v27.4) - https:\/\/yoast.com\/product\/yoast-seo-premium-wordpress\/ -->\n<title>Services - Centre de sant\u00e9 communautaire de Nipissing Ouest - West Nipissing Community Health Centre<\/title>\n<meta name=\"description\" content=\"Le CSCNO offre une vari\u00e9t\u00e9 de programmes et services pour appuyer le maintien et l\u2019am\u00e9lioration de la sant\u00e9 et du bien-\u00eatre de r\u00e9sidents de la Municipalit\u00e9 de Nipissing Ouest et des communaut\u00e9s de la Premi\u00e8re Nation de Nipissing.\" \/>\n<meta name=\"robots\" content=\"index, follow, max-snippet:-1, max-image-preview:large, max-video-preview:-1\" \/>\n<link rel=\"canonical\" href=\"https:\/\/www.cscno-wnchc.org\/fr\/services\/\" \/>\n<meta property=\"og:locale\" content=\"fr_FR\" \/>\n<meta property=\"og:type\" content=\"article\" \/>\n<meta property=\"og:title\" content=\"Services\" \/>\n<meta property=\"og:description\" content=\"Le CSCNO offre une vari\u00e9t\u00e9 de programmes et services pour appuyer le maintien et l\u2019am\u00e9lioration de la sant\u00e9 et du bien-\u00eatre de r\u00e9sidents de la Municipalit\u00e9 de Nipissing Ouest et des communaut\u00e9s de la Premi\u00e8re Nation de Nipissing.\" \/>\n<meta property=\"og:url\" content=\"https:\/\/www.cscno-wnchc.org\/fr\/services\/\" \/>\n<meta property=\"og:site_name\" content=\"Centre de sant\u00e9 communautaire de Nipissing Ouest - West Nipissing Community Health Centre\" \/>\n<meta property=\"article:publisher\" content=\"https:\/\/www.facebook.com\/WestNipissingCHC\/\" \/>\n<meta property=\"article:modified_time\" content=\"2021-09-23T18:15:55+00:00\" \/>\n<meta property=\"og:image\" content=\"https:\/\/www.cscno-wnchc.org\/wp-content\/uploads\/2021\/02\/community_volunteer.jpg\" \/>\n\t<meta property=\"og:image:width\" content=\"1169\" \/>\n\t<meta property=\"og:image:height\" content=\"220\" \/>\n\t<meta property=\"og:image:type\" content=\"image\/jpeg\" \/>\n<meta name=\"twitter:card\" content=\"summary_large_image\" \/>\n<meta name=\"twitter:label1\" content=\"Dur\u00e9e de lecture estim\u00e9e\" \/>\n\t<meta name=\"twitter:data1\" content=\"1 minute\" \/>\n<script type=\"application\/ld+json\" class=\"yoast-schema-graph\">{\"@context\":\"https:\\\/\\\/schema.org\",\"@graph\":[{\"@type\":\"WebPage\",\"@id\":\"https:\\\/\\\/www.cscno-wnchc.org\\\/fr\\\/services\\\/\",\"url\":\"https:\\\/\\\/www.cscno-wnchc.org\\\/fr\\\/services\\\/\",\"name\":\"Services - Centre de sant\u00e9 communautaire de Nipissing Ouest - West Nipissing Community Health Centre\",\"isPartOf\":{\"@id\":\"https:\\\/\\\/www.cscno-wnchc.org\\\/fr\\\/#website\"},\"primaryImageOfPage\":{\"@id\":\"https:\\\/\\\/www.cscno-wnchc.org\\\/fr\\\/services\\\/#primaryimage\"},\"image\":{\"@id\":\"https:\\\/\\\/www.cscno-wnchc.org\\\/fr\\\/services\\\/#primaryimage\"},\"thumbnailUrl\":\"https:\\\/\\\/www.cscno-wnchc.org\\\/wp-content\\\/uploads\\\/2021\\\/02\\\/community_volunteer.jpg\",\"datePublished\":\"2021-02-12T20:34:07+00:00\",\"dateModified\":\"2021-09-23T18:15:55+00:00\",\"description\":\"Le CSCNO offre une vari\u00e9t\u00e9 de programmes et services pour appuyer le maintien et l\u2019am\u00e9lioration de la sant\u00e9 et du bien-\u00eatre de r\u00e9sidents de la Municipalit\u00e9 de Nipissing Ouest et des communaut\u00e9s de la Premi\u00e8re Nation de Nipissing.\",\"breadcrumb\":{\"@id\":\"https:\\\/\\\/www.cscno-wnchc.org\\\/fr\\\/services\\\/#breadcrumb\"},\"inLanguage\":\"fr-FR\",\"potentialAction\":[{\"@type\":\"ReadAction\",\"target\":[\"https:\\\/\\\/www.cscno-wnchc.org\\\/fr\\\/services\\\/\"]}]},{\"@type\":\"ImageObject\",\"inLanguage\":\"fr-FR\",\"@id\":\"https:\\\/\\\/www.cscno-wnchc.org\\\/fr\\\/services\\\/#primaryimage\",\"url\":\"https:\\\/\\\/www.cscno-wnchc.org\\\/wp-content\\\/uploads\\\/2021\\\/02\\\/community_volunteer.jpg\",\"contentUrl\":\"https:\\\/\\\/www.cscno-wnchc.org\\\/wp-content\\\/uploads\\\/2021\\\/02\\\/community_volunteer.jpg\",\"width\":1169,\"height\":220},{\"@type\":\"BreadcrumbList\",\"@id\":\"https:\\\/\\\/www.cscno-wnchc.org\\\/fr\\\/services\\\/#breadcrumb\",\"itemListElement\":[{\"@type\":\"ListItem\",\"position\":1,\"name\":\"Home\",\"item\":\"https:\\\/\\\/www.cscno-wnchc.org\\\/fr\\\/\"},{\"@type\":\"ListItem\",\"position\":2,\"name\":\"Services\"}]},{\"@type\":\"WebSite\",\"@id\":\"https:\\\/\\\/www.cscno-wnchc.org\\\/fr\\\/#website\",\"url\":\"https:\\\/\\\/www.cscno-wnchc.org\\\/fr\\\/\",\"name\":\"Centre de sant\u00e9 communautaire de Nipissing Ouest - West Nipissing Community Health Centre\",\"description\":\"Centre de sant\u00e9 communautaire de Nipissing Ouest - West Nipissing Community Health Centre\",\"publisher\":{\"@id\":\"https:\\\/\\\/www.cscno-wnchc.org\\\/fr\\\/#organization\"},\"potentialAction\":[{\"@type\":\"SearchAction\",\"target\":{\"@type\":\"EntryPoint\",\"urlTemplate\":\"https:\\\/\\\/www.cscno-wnchc.org\\\/fr\\\/?s={search_term_string}\"},\"query-input\":{\"@type\":\"PropertyValueSpecification\",\"valueRequired\":true,\"valueName\":\"search_term_string\"}}],\"inLanguage\":\"fr-FR\"},{\"@type\":\"Organization\",\"@id\":\"https:\\\/\\\/www.cscno-wnchc.org\\\/fr\\\/#organization\",\"name\":\"Centre de sant\u00e9 communautaire de Nipissing Ouest - West Nipissing Community Health Centre\",\"url\":\"https:\\\/\\\/www.cscno-wnchc.org\\\/fr\\\/\",\"logo\":{\"@type\":\"ImageObject\",\"inLanguage\":\"fr-FR\",\"@id\":\"https:\\\/\\\/www.cscno-wnchc.org\\\/fr\\\/#\\\/schema\\\/logo\\\/image\\\/\",\"url\":\"https:\\\/\\\/www.cscno-wnchc.org\\\/wp-content\\\/uploads\\\/2021\\\/06\\\/CSCNO_WNCHC_Badge.jpg\",\"contentUrl\":\"https:\\\/\\\/www.cscno-wnchc.org\\\/wp-content\\\/uploads\\\/2021\\\/06\\\/CSCNO_WNCHC_Badge.jpg\",\"width\":653,\"height\":569,\"caption\":\"Centre de sant\u00e9 communautaire de Nipissing Ouest - West Nipissing Community Health Centre\"},\"image\":{\"@id\":\"https:\\\/\\\/www.cscno-wnchc.org\\\/fr\\\/#\\\/schema\\\/logo\\\/image\\\/\"},\"sameAs\":[\"https:\\\/\\\/www.facebook.com\\\/WestNipissingCHC\\\/\"]}]}<\/script>\n<!-- \/ Yoast SEO Premium plugin. -->","yoast_head_json":{"title":"Services - Centre de sant\u00e9 communautaire de Nipissing Ouest - West Nipissing Community Health Centre","description":"Le CSCNO offre une vari\u00e9t\u00e9 de programmes et services pour appuyer le maintien et l\u2019am\u00e9lioration de la sant\u00e9 et du bien-\u00eatre de r\u00e9sidents de la Municipalit\u00e9 de Nipissing Ouest et des communaut\u00e9s de la Premi\u00e8re Nation de Nipissing.","robots":{"index":"index","follow":"follow","max-snippet":"max-snippet:-1","max-image-preview":"max-image-preview:large","max-video-preview":"max-video-preview:-1"},"canonical":"https:\/\/www.cscno-wnchc.org\/fr\/services\/","og_locale":"fr_FR","og_type":"article","og_title":"Services","og_description":"Le CSCNO offre une vari\u00e9t\u00e9 de programmes et services pour appuyer le maintien et l\u2019am\u00e9lioration de la sant\u00e9 et du bien-\u00eatre de r\u00e9sidents de la Municipalit\u00e9 de Nipissing Ouest et des communaut\u00e9s de la Premi\u00e8re Nation de Nipissing.","og_url":"https:\/\/www.cscno-wnchc.org\/fr\/services\/","og_site_name":"Centre de sant\u00e9 communautaire de Nipissing Ouest - West Nipissing Community Health Centre","article_publisher":"https:\/\/www.facebook.com\/WestNipissingCHC\/","article_modified_time":"2021-09-23T18:15:55+00:00","og_image":[{"width":1169,"height":220,"url":"https:\/\/www.cscno-wnchc.org\/wp-content\/uploads\/2021\/02\/community_volunteer.jpg","type":"image\/jpeg"}],"twitter_card":"summary_large_image","twitter_misc":{"Dur\u00e9e de lecture estim\u00e9e":"1 minute"},"schema":{"@context":"https:\/\/schema.org","@graph":[{"@type":"WebPage","@id":"https:\/\/www.cscno-wnchc.org\/fr\/services\/","url":"https:\/\/www.cscno-wnchc.org\/fr\/services\/","name":"Services - Centre de sant\u00e9 communautaire de Nipissing Ouest - West Nipissing Community Health Centre","isPartOf":{"@id":"https:\/\/www.cscno-wnchc.org\/fr\/#website"},"primaryImageOfPage":{"@id":"https:\/\/www.cscno-wnchc.org\/fr\/services\/#primaryimage"},"image":{"@id":"https:\/\/www.cscno-wnchc.org\/fr\/services\/#primaryimage"},"thumbnailUrl":"https:\/\/www.cscno-wnchc.org\/wp-content\/uploads\/2021\/02\/community_volunteer.jpg","datePublished":"2021-02-12T20:34:07+00:00","dateModified":"2021-09-23T18:15:55+00:00","description":"Le CSCNO offre une vari\u00e9t\u00e9 de programmes et services pour appuyer le maintien et l\u2019am\u00e9lioration de la sant\u00e9 et du bien-\u00eatre de r\u00e9sidents de la Municipalit\u00e9 de Nipissing Ouest et des communaut\u00e9s de la Premi\u00e8re Nation de Nipissing.","breadcrumb":{"@id":"https:\/\/www.cscno-wnchc.org\/fr\/services\/#breadcrumb"},"inLanguage":"fr-FR","potentialAction":[{"@type":"ReadAction","target":["https:\/\/www.cscno-wnchc.org\/fr\/services\/"]}]},{"@type":"ImageObject","inLanguage":"fr-FR","@id":"https:\/\/www.cscno-wnchc.org\/fr\/services\/#primaryimage","url":"https:\/\/www.cscno-wnchc.org\/wp-content\/uploads\/2021\/02\/community_volunteer.jpg","contentUrl":"https:\/\/www.cscno-wnchc.org\/wp-content\/uploads\/2021\/02\/community_volunteer.jpg","width":1169,"height":220},{"@type":"BreadcrumbList","@id":"https:\/\/www.cscno-wnchc.org\/fr\/services\/#breadcrumb","itemListElement":[{"@type":"ListItem","position":1,"name":"Home","item":"https:\/\/www.cscno-wnchc.org\/fr\/"},{"@type":"ListItem","position":2,"name":"Services"}]},{"@type":"WebSite","@id":"https:\/\/www.cscno-wnchc.org\/fr\/#website","url":"https:\/\/www.cscno-wnchc.org\/fr\/","name":"Centre de sant\u00e9 communautaire de Nipissing Ouest - West Nipissing Community Health Centre","description":"Centre de sant\u00e9 communautaire de Nipissing Ouest - West Nipissing Community Health Centre","publisher":{"@id":"https:\/\/www.cscno-wnchc.org\/fr\/#organization"},"potentialAction":[{"@type":"SearchAction","target":{"@type":"EntryPoint","urlTemplate":"https:\/\/www.cscno-wnchc.org\/fr\/?s={search_term_string}"},"query-input":{"@type":"PropertyValueSpecification","valueRequired":true,"valueName":"search_term_string"}}],"inLanguage":"fr-FR"},{"@type":"Organization","@id":"https:\/\/www.cscno-wnchc.org\/fr\/#organization","name":"Centre de sant\u00e9 communautaire de Nipissing Ouest - West Nipissing Community Health Centre","url":"https:\/\/www.cscno-wnchc.org\/fr\/","logo":{"@type":"ImageObject","inLanguage":"fr-FR","@id":"https:\/\/www.cscno-wnchc.org\/fr\/#\/schema\/logo\/image\/","url":"https:\/\/www.cscno-wnchc.org\/wp-content\/uploads\/2021\/06\/CSCNO_WNCHC_Badge.jpg","contentUrl":"https:\/\/www.cscno-wnchc.org\/wp-content\/uploads\/2021\/06\/CSCNO_WNCHC_Badge.jpg","width":653,"height":569,"caption":"Centre de sant\u00e9 communautaire de Nipissing Ouest - West Nipissing Community Health Centre"},"image":{"@id":"https:\/\/www.cscno-wnchc.org\/fr\/#\/schema\/logo\/image\/"},"sameAs":["https:\/\/www.facebook.com\/WestNipissingCHC\/"]}]}},"_links":{"self":[{"href":"https:\/\/www.cscno-wnchc.org\/fr\/wp-json\/wp\/v2\/pages\/253","targetHints":{"allow":["GET"]}}],"collection":[{"href":"https:\/\/www.cscno-wnchc.org\/fr\/wp-json\/wp\/v2\/pages"}],"about":[{"href":"https:\/\/www.cscno-wnchc.org\/fr\/wp-json\/wp\/v2\/types\/page"}],"author":[{"embeddable":true,"href":"https:\/\/www.cscno-wnchc.org\/fr\/wp-json\/wp\/v2\/users\/2"}],"replies":[{"embeddable":true,"href":"https:\/\/www.cscno-wnchc.org\/fr\/wp-json\/wp\/v2\/comments?post=253"}],"version-history":[{"count":0,"href":"https:\/\/www.cscno-wnchc.org\/fr\/wp-json\/wp\/v2\/pages\/253\/revisions"}],"wp:featuredmedia":[{"embeddable":true,"href":"https:\/\/www.cscno-wnchc.org\/fr\/wp-json\/wp\/v2\/media\/199"}],"wp:attachment":[{"href":"https:\/\/www.cscno-wnchc.org\/fr\/wp-json\/wp\/v2\/media?parent=253"}],"curies":[{"name":"wp","href":"https:\/\/api.w.org\/{rel}","templated":true}]}}