{"id":209,"date":"2021-02-11T16:58:49","date_gmt":"2021-02-11T21:58:49","guid":{"rendered":"https:\/\/www.cscno-wnchc.org\/?page_id=209"},"modified":"2021-03-02T21:11:28","modified_gmt":"2021-03-03T02:11:28","slug":"finances","status":"publish","type":"page","link":"https:\/\/www.cscno-wnchc.org\/fr\/a-propos-de-nous\/gouvernance-et-financement\/finances\/","title":{"rendered":"Finances"},"content":{"rendered":"\n<p>Le CSCNO est financ\u00e9 par le RLISS du Nord-est pour fournir des soins primaires et des programmes de promotion de la sant\u00e9 et de pr\u00e9vention des maladies. Le CSCNO a une entente de responsabilisation avec le RLISS du Nord-est qui comprend des indicateurs de rendement, et rapporte r\u00e9guli\u00e8rement ses activit\u00e9s.<\/p>\n","protected":false},"excerpt":{"rendered":"<p>Le CSCNO est financ\u00e9 par le RLISS du Nord-est pour fournir des soins primaires et des programmes de promotion de la sant\u00e9 et de pr\u00e9vention des maladies. Le CSCNO a [&hellip;]<\/p>\n","protected":false},"author":2,"featured_media":0,"parent":27,"menu_order":0,"comment_status":"closed","ping_status":"closed","template":"","meta":{"_acf_changed":false,"footnotes":""},"class_list":["post-209","page","type-page","status-publish","hentry"],"acf":[],"yoast_head":"<!-- This site is optimized with the Yoast SEO Premium plugin v27.5 (Yoast SEO v27.5) - https:\/\/yoast.com\/product\/yoast-seo-premium-wordpress\/ -->\n<title>Finances - Centre de sant\u00e9 communautaire de Nipissing Ouest - West Nipissing Community Health Centre<\/title>\n<meta name=\"robots\" content=\"index, follow, max-snippet:-1, max-image-preview:large, max-video-preview:-1\" \/>\n<link rel=\"canonical\" href=\"https:\/\/www.cscno-wnchc.org\/fr\/a-propos-de-nous\/gouvernance-et-financement\/finances\/\" \/>\n<meta property=\"og:locale\" content=\"fr_FR\" \/>\n<meta property=\"og:type\" content=\"article\" \/>\n<meta property=\"og:title\" content=\"Finances\" \/>\n<meta property=\"og:description\" content=\"Le CSCNO est financ\u00e9 par le RLISS du Nord-est pour fournir des soins primaires et des programmes de promotion de la sant\u00e9 et de pr\u00e9vention des maladies. Le CSCNO a [&hellip;]\" \/>\n<meta property=\"og:url\" content=\"https:\/\/www.cscno-wnchc.org\/fr\/a-propos-de-nous\/gouvernance-et-financement\/finances\/\" \/>\n<meta property=\"og:site_name\" content=\"Centre de sant\u00e9 communautaire de Nipissing Ouest - West Nipissing Community Health Centre\" \/>\n<meta property=\"article:publisher\" content=\"https:\/\/www.facebook.com\/WestNipissingCHC\/\" \/>\n<meta property=\"article:modified_time\" content=\"2021-03-03T02:11:28+00:00\" \/>\n<meta name=\"twitter:card\" content=\"summary_large_image\" \/>\n<meta name=\"twitter:label1\" content=\"Dur\u00e9e de lecture estim\u00e9e\" \/>\n\t<meta name=\"twitter:data1\" content=\"1 minute\" \/>\n<script type=\"application\/ld+json\" class=\"yoast-schema-graph\">{\"@context\":\"https:\\\/\\\/schema.org\",\"@graph\":[{\"@type\":\"WebPage\",\"@id\":\"https:\\\/\\\/www.cscno-wnchc.org\\\/fr\\\/a-propos-de-nous\\\/gouvernance-et-financement\\\/finances\\\/\",\"url\":\"https:\\\/\\\/www.cscno-wnchc.org\\\/fr\\\/a-propos-de-nous\\\/gouvernance-et-financement\\\/finances\\\/\",\"name\":\"Finances - Centre de sant\u00e9 communautaire de Nipissing Ouest - West Nipissing Community Health Centre\",\"isPartOf\":{\"@id\":\"https:\\\/\\\/www.cscno-wnchc.org\\\/fr\\\/#website\"},\"datePublished\":\"2021-02-11T21:58:49+00:00\",\"dateModified\":\"2021-03-03T02:11:28+00:00\",\"breadcrumb\":{\"@id\":\"https:\\\/\\\/www.cscno-wnchc.org\\\/fr\\\/a-propos-de-nous\\\/gouvernance-et-financement\\\/finances\\\/#breadcrumb\"},\"inLanguage\":\"fr-FR\",\"potentialAction\":[{\"@type\":\"ReadAction\",\"target\":[\"https:\\\/\\\/www.cscno-wnchc.org\\\/fr\\\/a-propos-de-nous\\\/gouvernance-et-financement\\\/finances\\\/\"]}]},{\"@type\":\"BreadcrumbList\",\"@id\":\"https:\\\/\\\/www.cscno-wnchc.org\\\/fr\\\/a-propos-de-nous\\\/gouvernance-et-financement\\\/finances\\\/#breadcrumb\",\"itemListElement\":[{\"@type\":\"ListItem\",\"position\":1,\"name\":\"Home\",\"item\":\"https:\\\/\\\/www.cscno-wnchc.org\\\/fr\\\/\"},{\"@type\":\"ListItem\",\"position\":2,\"name\":\"\u00c0 propos de nous\",\"item\":\"https:\\\/\\\/www.cscno-wnchc.org\\\/fr\\\/a-propos-de-nous\\\/\"},{\"@type\":\"ListItem\",\"position\":3,\"name\":\"Gouvernance\",\"item\":\"https:\\\/\\\/www.cscno-wnchc.org\\\/fr\\\/about-us\\\/governance-funding\\\/\"},{\"@type\":\"ListItem\",\"position\":4,\"name\":\"Finances\"}]},{\"@type\":\"WebSite\",\"@id\":\"https:\\\/\\\/www.cscno-wnchc.org\\\/fr\\\/#website\",\"url\":\"https:\\\/\\\/www.cscno-wnchc.org\\\/fr\\\/\",\"name\":\"Centre de sant\u00e9 communautaire de Nipissing Ouest - West Nipissing Community Health Centre\",\"description\":\"Centre de sant\u00e9 communautaire de Nipissing Ouest - West Nipissing Community Health Centre\",\"publisher\":{\"@id\":\"https:\\\/\\\/www.cscno-wnchc.org\\\/fr\\\/#organization\"},\"potentialAction\":[{\"@type\":\"SearchAction\",\"target\":{\"@type\":\"EntryPoint\",\"urlTemplate\":\"https:\\\/\\\/www.cscno-wnchc.org\\\/fr\\\/?s={search_term_string}\"},\"query-input\":{\"@type\":\"PropertyValueSpecification\",\"valueRequired\":true,\"valueName\":\"search_term_string\"}}],\"inLanguage\":\"fr-FR\"},{\"@type\":\"Organization\",\"@id\":\"https:\\\/\\\/www.cscno-wnchc.org\\\/fr\\\/#organization\",\"name\":\"Centre de sant\u00e9 communautaire de Nipissing Ouest - West Nipissing Community Health Centre\",\"url\":\"https:\\\/\\\/www.cscno-wnchc.org\\\/fr\\\/\",\"logo\":{\"@type\":\"ImageObject\",\"inLanguage\":\"fr-FR\",\"@id\":\"https:\\\/\\\/www.cscno-wnchc.org\\\/fr\\\/#\\\/schema\\\/logo\\\/image\\\/\",\"url\":\"https:\\\/\\\/www.cscno-wnchc.org\\\/wp-content\\\/uploads\\\/2021\\\/06\\\/CSCNO_WNCHC_Badge.jpg\",\"contentUrl\":\"https:\\\/\\\/www.cscno-wnchc.org\\\/wp-content\\\/uploads\\\/2021\\\/06\\\/CSCNO_WNCHC_Badge.jpg\",\"width\":653,\"height\":569,\"caption\":\"Centre de sant\u00e9 communautaire de Nipissing Ouest - West Nipissing Community Health Centre\"},\"image\":{\"@id\":\"https:\\\/\\\/www.cscno-wnchc.org\\\/fr\\\/#\\\/schema\\\/logo\\\/image\\\/\"},\"sameAs\":[\"https:\\\/\\\/www.facebook.com\\\/WestNipissingCHC\\\/\"]}]}<\/script>\n<!-- \/ Yoast SEO Premium plugin. -->","yoast_head_json":{"title":"Finances - Centre de sant\u00e9 communautaire de Nipissing Ouest - West Nipissing Community Health Centre","robots":{"index":"index","follow":"follow","max-snippet":"max-snippet:-1","max-image-preview":"max-image-preview:large","max-video-preview":"max-video-preview:-1"},"canonical":"https:\/\/www.cscno-wnchc.org\/fr\/a-propos-de-nous\/gouvernance-et-financement\/finances\/","og_locale":"fr_FR","og_type":"article","og_title":"Finances","og_description":"Le CSCNO est financ\u00e9 par le RLISS du Nord-est pour fournir des soins primaires et des programmes de promotion de la sant\u00e9 et de pr\u00e9vention des maladies. Le CSCNO a [&hellip;]","og_url":"https:\/\/www.cscno-wnchc.org\/fr\/a-propos-de-nous\/gouvernance-et-financement\/finances\/","og_site_name":"Centre de sant\u00e9 communautaire de Nipissing Ouest - West Nipissing Community Health Centre","article_publisher":"https:\/\/www.facebook.com\/WestNipissingCHC\/","article_modified_time":"2021-03-03T02:11:28+00:00","twitter_card":"summary_large_image","twitter_misc":{"Dur\u00e9e de lecture estim\u00e9e":"1 minute"},"schema":{"@context":"https:\/\/schema.org","@graph":[{"@type":"WebPage","@id":"https:\/\/www.cscno-wnchc.org\/fr\/a-propos-de-nous\/gouvernance-et-financement\/finances\/","url":"https:\/\/www.cscno-wnchc.org\/fr\/a-propos-de-nous\/gouvernance-et-financement\/finances\/","name":"Finances - Centre de sant\u00e9 communautaire de Nipissing Ouest - West Nipissing Community Health Centre","isPartOf":{"@id":"https:\/\/www.cscno-wnchc.org\/fr\/#website"},"datePublished":"2021-02-11T21:58:49+00:00","dateModified":"2021-03-03T02:11:28+00:00","breadcrumb":{"@id":"https:\/\/www.cscno-wnchc.org\/fr\/a-propos-de-nous\/gouvernance-et-financement\/finances\/#breadcrumb"},"inLanguage":"fr-FR","potentialAction":[{"@type":"ReadAction","target":["https:\/\/www.cscno-wnchc.org\/fr\/a-propos-de-nous\/gouvernance-et-financement\/finances\/"]}]},{"@type":"BreadcrumbList","@id":"https:\/\/www.cscno-wnchc.org\/fr\/a-propos-de-nous\/gouvernance-et-financement\/finances\/#breadcrumb","itemListElement":[{"@type":"ListItem","position":1,"name":"Home","item":"https:\/\/www.cscno-wnchc.org\/fr\/"},{"@type":"ListItem","position":2,"name":"\u00c0 propos de nous","item":"https:\/\/www.cscno-wnchc.org\/fr\/a-propos-de-nous\/"},{"@type":"ListItem","position":3,"name":"Gouvernance","item":"https:\/\/www.cscno-wnchc.org\/fr\/about-us\/governance-funding\/"},{"@type":"ListItem","position":4,"name":"Finances"}]},{"@type":"WebSite","@id":"https:\/\/www.cscno-wnchc.org\/fr\/#website","url":"https:\/\/www.cscno-wnchc.org\/fr\/","name":"Centre de sant\u00e9 communautaire de Nipissing Ouest - West Nipissing Community Health Centre","description":"Centre de sant\u00e9 communautaire de Nipissing Ouest - West Nipissing Community Health Centre","publisher":{"@id":"https:\/\/www.cscno-wnchc.org\/fr\/#organization"},"potentialAction":[{"@type":"SearchAction","target":{"@type":"EntryPoint","urlTemplate":"https:\/\/www.cscno-wnchc.org\/fr\/?s={search_term_string}"},"query-input":{"@type":"PropertyValueSpecification","valueRequired":true,"valueName":"search_term_string"}}],"inLanguage":"fr-FR"},{"@type":"Organization","@id":"https:\/\/www.cscno-wnchc.org\/fr\/#organization","name":"Centre de sant\u00e9 communautaire de Nipissing Ouest - West Nipissing Community Health Centre","url":"https:\/\/www.cscno-wnchc.org\/fr\/","logo":{"@type":"ImageObject","inLanguage":"fr-FR","@id":"https:\/\/www.cscno-wnchc.org\/fr\/#\/schema\/logo\/image\/","url":"https:\/\/www.cscno-wnchc.org\/wp-content\/uploads\/2021\/06\/CSCNO_WNCHC_Badge.jpg","contentUrl":"https:\/\/www.cscno-wnchc.org\/wp-content\/uploads\/2021\/06\/CSCNO_WNCHC_Badge.jpg","width":653,"height":569,"caption":"Centre de sant\u00e9 communautaire de Nipissing Ouest - West Nipissing Community Health Centre"},"image":{"@id":"https:\/\/www.cscno-wnchc.org\/fr\/#\/schema\/logo\/image\/"},"sameAs":["https:\/\/www.facebook.com\/WestNipissingCHC\/"]}]}},"_links":{"self":[{"href":"https:\/\/www.cscno-wnchc.org\/fr\/wp-json\/wp\/v2\/pages\/209","targetHints":{"allow":["GET"]}}],"collection":[{"href":"https:\/\/www.cscno-wnchc.org\/fr\/wp-json\/wp\/v2\/pages"}],"about":[{"href":"https:\/\/www.cscno-wnchc.org\/fr\/wp-json\/wp\/v2\/types\/page"}],"author":[{"embeddable":true,"href":"https:\/\/www.cscno-wnchc.org\/fr\/wp-json\/wp\/v2\/users\/2"}],"replies":[{"embeddable":true,"href":"https:\/\/www.cscno-wnchc.org\/fr\/wp-json\/wp\/v2\/comments?post=209"}],"version-history":[{"count":0,"href":"https:\/\/www.cscno-wnchc.org\/fr\/wp-json\/wp\/v2\/pages\/209\/revisions"}],"up":[{"embeddable":true,"href":"https:\/\/www.cscno-wnchc.org\/fr\/wp-json\/wp\/v2\/pages\/27"}],"wp:attachment":[{"href":"https:\/\/www.cscno-wnchc.org\/fr\/wp-json\/wp\/v2\/media?parent=209"}],"curies":[{"name":"wp","href":"https:\/\/api.w.org\/{rel}","templated":true}]}}