{"id":11253,"date":"2025-05-01T10:28:45","date_gmt":"2025-05-01T14:28:45","guid":{"rendered":"https:\/\/www.cscno-wnchc.org\/?page_id=11253"},"modified":"2025-05-01T10:28:45","modified_gmt":"2025-05-01T14:28:45","slug":"evenements-communautaires","status":"publish","type":"page","link":"https:\/\/www.cscno-wnchc.org\/fr\/photos\/evenements-communautaires\/","title":{"rendered":"\u00c9v\u00e9nements communautaires"},"content":{"rendered":"","protected":false},"excerpt":{"rendered":"","protected":false},"author":3,"featured_media":0,"parent":11242,"menu_order":0,"comment_status":"closed","ping_status":"closed","template":"","meta":{"_acf_changed":false,"footnotes":""},"class_list":["post-11253","page","type-page","status-publish","hentry"],"acf":[],"yoast_head":"<!-- This site is optimized with the Yoast SEO Premium plugin v27.4 (Yoast SEO v27.4) - https:\/\/yoast.com\/product\/yoast-seo-premium-wordpress\/ -->\n<title>\u00c9v\u00e9nements communautaires - Centre de sant\u00e9 communautaire de Nipissing Ouest - West Nipissing Community Health Centre<\/title>\n<meta name=\"robots\" content=\"index, follow, max-snippet:-1, max-image-preview:large, max-video-preview:-1\" \/>\n<link rel=\"canonical\" href=\"https:\/\/www.cscno-wnchc.org\/fr\/photos\/evenements-communautaires\/\" \/>\n<meta property=\"og:locale\" content=\"fr_FR\" \/>\n<meta property=\"og:type\" content=\"article\" \/>\n<meta property=\"og:title\" content=\"\u00c9v\u00e9nements communautaires\" \/>\n<meta property=\"og:url\" content=\"https:\/\/www.cscno-wnchc.org\/fr\/photos\/evenements-communautaires\/\" \/>\n<meta property=\"og:site_name\" content=\"Centre de sant\u00e9 communautaire de Nipissing Ouest - West Nipissing Community Health Centre\" \/>\n<meta property=\"article:publisher\" content=\"https:\/\/www.facebook.com\/WestNipissingCHC\/\" \/>\n<meta name=\"twitter:card\" content=\"summary_large_image\" \/>\n<script type=\"application\/ld+json\" class=\"yoast-schema-graph\">{\"@context\":\"https:\\\/\\\/schema.org\",\"@graph\":[{\"@type\":\"WebPage\",\"@id\":\"https:\\\/\\\/www.cscno-wnchc.org\\\/fr\\\/photos\\\/evenements-communautaires\\\/\",\"url\":\"https:\\\/\\\/www.cscno-wnchc.org\\\/fr\\\/photos\\\/evenements-communautaires\\\/\",\"name\":\"\u00c9v\u00e9nements communautaires - Centre de sant\u00e9 communautaire de Nipissing Ouest - West Nipissing Community Health Centre\",\"isPartOf\":{\"@id\":\"https:\\\/\\\/www.cscno-wnchc.org\\\/fr\\\/#website\"},\"datePublished\":\"2025-05-01T14:28:45+00:00\",\"breadcrumb\":{\"@id\":\"https:\\\/\\\/www.cscno-wnchc.org\\\/fr\\\/photos\\\/evenements-communautaires\\\/#breadcrumb\"},\"inLanguage\":\"fr-FR\",\"potentialAction\":[{\"@type\":\"ReadAction\",\"target\":[\"https:\\\/\\\/www.cscno-wnchc.org\\\/fr\\\/photos\\\/evenements-communautaires\\\/\"]}]},{\"@type\":\"BreadcrumbList\",\"@id\":\"https:\\\/\\\/www.cscno-wnchc.org\\\/fr\\\/photos\\\/evenements-communautaires\\\/#breadcrumb\",\"itemListElement\":[{\"@type\":\"ListItem\",\"position\":1,\"name\":\"Home\",\"item\":\"https:\\\/\\\/www.cscno-wnchc.org\\\/fr\\\/\"},{\"@type\":\"ListItem\",\"position\":2,\"name\":\"Photos\",\"item\":\"https:\\\/\\\/www.cscno-wnchc.org\\\/fr\\\/gallery\\\/\"},{\"@type\":\"ListItem\",\"position\":3,\"name\":\"\u00c9v\u00e9nements communautaires\"}]},{\"@type\":\"WebSite\",\"@id\":\"https:\\\/\\\/www.cscno-wnchc.org\\\/fr\\\/#website\",\"url\":\"https:\\\/\\\/www.cscno-wnchc.org\\\/fr\\\/\",\"name\":\"Centre de sant\u00e9 communautaire de Nipissing Ouest - West Nipissing Community Health Centre\",\"description\":\"Centre de sant\u00e9 communautaire de Nipissing Ouest - West Nipissing Community Health Centre\",\"publisher\":{\"@id\":\"https:\\\/\\\/www.cscno-wnchc.org\\\/fr\\\/#organization\"},\"potentialAction\":[{\"@type\":\"SearchAction\",\"target\":{\"@type\":\"EntryPoint\",\"urlTemplate\":\"https:\\\/\\\/www.cscno-wnchc.org\\\/fr\\\/?s={search_term_string}\"},\"query-input\":{\"@type\":\"PropertyValueSpecification\",\"valueRequired\":true,\"valueName\":\"search_term_string\"}}],\"inLanguage\":\"fr-FR\"},{\"@type\":\"Organization\",\"@id\":\"https:\\\/\\\/www.cscno-wnchc.org\\\/fr\\\/#organization\",\"name\":\"Centre de sant\u00e9 communautaire de Nipissing Ouest - West Nipissing Community Health Centre\",\"url\":\"https:\\\/\\\/www.cscno-wnchc.org\\\/fr\\\/\",\"logo\":{\"@type\":\"ImageObject\",\"inLanguage\":\"fr-FR\",\"@id\":\"https:\\\/\\\/www.cscno-wnchc.org\\\/fr\\\/#\\\/schema\\\/logo\\\/image\\\/\",\"url\":\"https:\\\/\\\/www.cscno-wnchc.org\\\/wp-content\\\/uploads\\\/2021\\\/06\\\/CSCNO_WNCHC_Badge.jpg\",\"contentUrl\":\"https:\\\/\\\/www.cscno-wnchc.org\\\/wp-content\\\/uploads\\\/2021\\\/06\\\/CSCNO_WNCHC_Badge.jpg\",\"width\":653,\"height\":569,\"caption\":\"Centre de sant\u00e9 communautaire de Nipissing Ouest - West Nipissing Community Health Centre\"},\"image\":{\"@id\":\"https:\\\/\\\/www.cscno-wnchc.org\\\/fr\\\/#\\\/schema\\\/logo\\\/image\\\/\"},\"sameAs\":[\"https:\\\/\\\/www.facebook.com\\\/WestNipissingCHC\\\/\"]}]}<\/script>\n<!-- \/ Yoast SEO Premium plugin. -->","yoast_head_json":{"title":"\u00c9v\u00e9nements communautaires - Centre de sant\u00e9 communautaire de Nipissing Ouest - West Nipissing Community Health Centre","robots":{"index":"index","follow":"follow","max-snippet":"max-snippet:-1","max-image-preview":"max-image-preview:large","max-video-preview":"max-video-preview:-1"},"canonical":"https:\/\/www.cscno-wnchc.org\/fr\/photos\/evenements-communautaires\/","og_locale":"fr_FR","og_type":"article","og_title":"\u00c9v\u00e9nements communautaires","og_url":"https:\/\/www.cscno-wnchc.org\/fr\/photos\/evenements-communautaires\/","og_site_name":"Centre de sant\u00e9 communautaire de Nipissing Ouest - West Nipissing Community Health Centre","article_publisher":"https:\/\/www.facebook.com\/WestNipissingCHC\/","twitter_card":"summary_large_image","schema":{"@context":"https:\/\/schema.org","@graph":[{"@type":"WebPage","@id":"https:\/\/www.cscno-wnchc.org\/fr\/photos\/evenements-communautaires\/","url":"https:\/\/www.cscno-wnchc.org\/fr\/photos\/evenements-communautaires\/","name":"\u00c9v\u00e9nements communautaires - Centre de sant\u00e9 communautaire de Nipissing Ouest - West Nipissing Community Health Centre","isPartOf":{"@id":"https:\/\/www.cscno-wnchc.org\/fr\/#website"},"datePublished":"2025-05-01T14:28:45+00:00","breadcrumb":{"@id":"https:\/\/www.cscno-wnchc.org\/fr\/photos\/evenements-communautaires\/#breadcrumb"},"inLanguage":"fr-FR","potentialAction":[{"@type":"ReadAction","target":["https:\/\/www.cscno-wnchc.org\/fr\/photos\/evenements-communautaires\/"]}]},{"@type":"BreadcrumbList","@id":"https:\/\/www.cscno-wnchc.org\/fr\/photos\/evenements-communautaires\/#breadcrumb","itemListElement":[{"@type":"ListItem","position":1,"name":"Home","item":"https:\/\/www.cscno-wnchc.org\/fr\/"},{"@type":"ListItem","position":2,"name":"Photos","item":"https:\/\/www.cscno-wnchc.org\/fr\/gallery\/"},{"@type":"ListItem","position":3,"name":"\u00c9v\u00e9nements communautaires"}]},{"@type":"WebSite","@id":"https:\/\/www.cscno-wnchc.org\/fr\/#website","url":"https:\/\/www.cscno-wnchc.org\/fr\/","name":"Centre de sant\u00e9 communautaire de Nipissing Ouest - West Nipissing Community Health Centre","description":"Centre de sant\u00e9 communautaire de Nipissing Ouest - West Nipissing Community Health Centre","publisher":{"@id":"https:\/\/www.cscno-wnchc.org\/fr\/#organization"},"potentialAction":[{"@type":"SearchAction","target":{"@type":"EntryPoint","urlTemplate":"https:\/\/www.cscno-wnchc.org\/fr\/?s={search_term_string}"},"query-input":{"@type":"PropertyValueSpecification","valueRequired":true,"valueName":"search_term_string"}}],"inLanguage":"fr-FR"},{"@type":"Organization","@id":"https:\/\/www.cscno-wnchc.org\/fr\/#organization","name":"Centre de sant\u00e9 communautaire de Nipissing Ouest - West Nipissing Community Health Centre","url":"https:\/\/www.cscno-wnchc.org\/fr\/","logo":{"@type":"ImageObject","inLanguage":"fr-FR","@id":"https:\/\/www.cscno-wnchc.org\/fr\/#\/schema\/logo\/image\/","url":"https:\/\/www.cscno-wnchc.org\/wp-content\/uploads\/2021\/06\/CSCNO_WNCHC_Badge.jpg","contentUrl":"https:\/\/www.cscno-wnchc.org\/wp-content\/uploads\/2021\/06\/CSCNO_WNCHC_Badge.jpg","width":653,"height":569,"caption":"Centre de sant\u00e9 communautaire de Nipissing Ouest - West Nipissing Community Health Centre"},"image":{"@id":"https:\/\/www.cscno-wnchc.org\/fr\/#\/schema\/logo\/image\/"},"sameAs":["https:\/\/www.facebook.com\/WestNipissingCHC\/"]}]}},"_links":{"self":[{"href":"https:\/\/www.cscno-wnchc.org\/fr\/wp-json\/wp\/v2\/pages\/11253","targetHints":{"allow":["GET"]}}],"collection":[{"href":"https:\/\/www.cscno-wnchc.org\/fr\/wp-json\/wp\/v2\/pages"}],"about":[{"href":"https:\/\/www.cscno-wnchc.org\/fr\/wp-json\/wp\/v2\/types\/page"}],"author":[{"embeddable":true,"href":"https:\/\/www.cscno-wnchc.org\/fr\/wp-json\/wp\/v2\/users\/3"}],"replies":[{"embeddable":true,"href":"https:\/\/www.cscno-wnchc.org\/fr\/wp-json\/wp\/v2\/comments?post=11253"}],"version-history":[{"count":0,"href":"https:\/\/www.cscno-wnchc.org\/fr\/wp-json\/wp\/v2\/pages\/11253\/revisions"}],"up":[{"embeddable":true,"href":"https:\/\/www.cscno-wnchc.org\/fr\/wp-json\/wp\/v2\/pages\/11242"}],"wp:attachment":[{"href":"https:\/\/www.cscno-wnchc.org\/fr\/wp-json\/wp\/v2\/media?parent=11253"}],"curies":[{"name":"wp","href":"https:\/\/api.w.org\/{rel}","templated":true}]}}