{"id":11247,"date":"2025-05-01T10:25:47","date_gmt":"2025-05-01T14:25:47","guid":{"rendered":"https:\/\/www.cscno-wnchc.org\/?page_id=11247"},"modified":"2025-07-31T14:41:41","modified_gmt":"2025-07-31T18:41:41","slug":"nos-partenaires","status":"publish","type":"page","link":"https:\/\/www.cscno-wnchc.org\/fr\/a-propos-de-nous\/nos-partenaires\/","title":{"rendered":"Nos partenaires"},"content":{"rendered":"\t\t<div data-elementor-type=\"wp-page\" data-elementor-id=\"11247\" class=\"elementor elementor-11247 elementor-11192\" data-elementor-post-type=\"page\">\n\t\t\t\t\t\t<section class=\"elementor-section elementor-top-section elementor-element elementor-element-576fbf2 elementor-section-boxed elementor-section-height-default elementor-section-height-default\" data-id=\"576fbf2\" data-element_type=\"section\" data-e-type=\"section\">\n\t\t\t\t\t\t<div class=\"elementor-container elementor-column-gap-default\">\n\t\t\t\t\t<div class=\"elementor-column elementor-col-100 elementor-top-column elementor-element elementor-element-90dab87\" data-id=\"90dab87\" data-element_type=\"column\" data-e-type=\"column\">\n\t\t\t<div class=\"elementor-widget-wrap elementor-element-populated\">\n\t\t\t\t\t\t<div class=\"elementor-element elementor-element-b49cf25 elementor-widget elementor-widget-text-editor\" data-id=\"b49cf25\" data-element_type=\"widget\" data-e-type=\"widget\" data-widget_type=\"text-editor.default\">\n\t\t\t\t\t\t\t\t\t<p class=\"p1\"><span class=\"s1\"><a href=\"https:\/\/aidsnorthbay.ca\/\">AIDS Committee of North Bay and Area<\/a><\/span><\/p><p class=\"p1\"><span class=\"s1\"><a href=\"https:\/\/www.wngh.ca\/service\/alliance-centre\/?lang=fr%22%20%5Cl%20%22gsc.tab=0\">Centre Alliance<\/a><\/span><\/p><p class=\"p1\"><span class=\"s1\"><a href=\"https:\/\/alzheimer.ca\/fr\">Soci\u00e9t\u00e9 Alzheimer<\/a><\/span><\/p><p class=\"p1\"><span class=\"s1\"><a href=\"https:\/\/www.apscops.org\/?detachcontact\">Anishinabek Police Services<\/a><\/span><\/p><p class=\"p1\"><span class=\"s1\"><a href=\"https:\/\/auchateau.org\/\">Au Ch\u00e2teau<\/a><\/span><\/p><p class=\"p1\"><span class=\"s1\"><a href=\"https:\/\/collegeboreal.ca\/en\/\">Coll\u00e8ge Bor\u00e9al<\/a><\/span><\/p><p class=\"p1\"><span class=\"s1\"><a href=\"https:\/\/www.communitylivingwestnipissing.com\/\">Int\u00e9gration communautaire de Nipissing Ouest<\/a><\/span><\/p><p class=\"p1\"><span class=\"s1\"><a href=\"https:\/\/www.franco-nord.ca\/\">Conseil scolaire catholique Franco-Nord<\/a><\/span><\/p><p class=\"p1\"><span class=\"s1\"><a href=\"https:\/\/cspne.ca\/\">Conseil scolaire public du Nord-Est de l&rsquo;Ontario<\/a><\/span><\/p><p class=\"p1\"><span class=\"s1\"><a href=\"https:\/\/www.dnssab.ca\/fr\/\">Conseil d\u2019administration des services sociaux du district de Nipissing<\/a><\/span><\/p><p class=\"p1\"><span class=\"s1\"><a href=\"https:\/\/www.franco-nord.ca\/francocite\">\u00c9cole secondaire catholique Franco-Cit\u00e9<\/a><\/span><\/p><p class=\"p1\"><span class=\"s1\"><a href=\"https:\/\/nipissing-ouest.cspne.ca\/\">\u00c9cole secondaire publique Nipissing Ouest<\/a><\/span><\/p><p class=\"p1\"><span class=\"s1\"><a href=\"https:\/\/employmentoptions.ca\/fr\/\">Option Emploi<\/a><\/span><\/p><p class=\"p1\"><span class=\"s1\"><a href=\"https:\/\/giiwednomshkikiiwgamig.ca\/\">Indigenous Health Hub<\/a><\/span><\/p><p class=\"p1\"><span class=\"s1\"><a href=\"https:\/\/nfn.ca\/health-services\/\">Lawrence Commanda Health Centre<\/a><\/span><\/p><p class=\"p2\"><a href=\"https:\/\/literacywestnipissing.ca\/\"><span class=\"s2\">Literacy West Nipissing<\/span><\/a><\/p><p class=\"p2\"><a href=\"https:\/\/www.westnipissing.ca\/fr\/\"><span class=\"s2\">Municipalit\u00e9 de Nipissing Ouest<\/span><\/a><\/p><p class=\"p1\"><span class=\"s1\"><a href=\"https:\/\/www.nearnorthschools.ca\/\">Near North District School Board<\/a><\/span><\/p><p class=\"p1\"><span class=\"s1\"><a href=\"https:\/\/niijcfs.com\/\">Niijaansinaanik Child and Family Services<\/a><\/span><\/p><p><a href=\"https:\/\/www.npsc.ca\/\">Nipissing-Parry Sound Catholic District School Board<\/a><\/p><p class=\"p1\"><span class=\"s1\"><a href=\"https:\/\/www.myhealthunit.ca\/en\/index.aspx\">North Bay Parry Sound District Health Unit<\/a><\/span><\/p><p class=\"p1\"><span class=\"s1\"><a href=\"https:\/\/www.opp.ca\/index.php?lng=fr\">Police provinciale de l\u2019Ontario<\/a><\/span><\/p><p class=\"p1\"><a href=\"https:\/\/aidantsontario.ca\/\">Organisme de soutien aux aidants naturels de l&rsquo;Ontario<\/a><\/p><p class=\"p1\"><span class=\"s1\"><a href=\"https:\/\/outloudnorthbay.com\/\">OUTloud North Bay<\/a><\/span><\/p><p class=\"p1\"><span class=\"s1\"><a href=\"https:\/\/www.wnccc.ca\/fr\/\">Corporation des services de garde d&rsquo;enfants de Nipissing Ouest<\/a><\/span><\/p><p class=\"p2\"><a href=\"https:\/\/www.westnipissingfht.org\/\"><span class=\"s2\">Nipissing Ouest \u00e9quipe de sant\u00e9 familiale<\/span><\/a><\/p><p class=\"p2\"><a href=\"https:\/\/www.wnfs.ca\/\"><span class=\"s2\">Service d&rsquo;incendie de Nipissing Ouest<\/span><\/a><\/p><p class=\"p2\"><a href=\"https:\/\/www.facebook.com\/groups\/2386036771413161\/\"><span class=\"s2\">Banque alimentaire Nipissing Ouest<\/span><\/a><\/p><p class=\"p1\"><span class=\"s1\"><a href=\"https:\/\/www.wngh.ca\/?lang=fr%22%20%5Cl%20%22gsc.tab=0\">H\u00f4pital g\u00e9n\u00e9ral de Nipissing Ouest<\/a><\/span><\/p><p class=\"p1\"><span class=\"s1\"><a href=\"https:\/\/westnipissingpride.ca\/\">Fiert\u00e9 Nipissing Ouest<\/a><\/span><\/p>\t\t\t\t\t\t\t\t<\/div>\n\t\t\t\t\t<\/div>\n\t\t<\/div>\n\t\t\t\t\t<\/div>\n\t\t<\/section>\n\t\t\t\t<\/div>\n\t\t","protected":false},"excerpt":{"rendered":"<p>AIDS Committee of North Bay and Area Centre Alliance Soci\u00e9t\u00e9 Alzheimer Anishinabek Police Services Au Ch\u00e2teau Coll\u00e8ge Bor\u00e9al Int\u00e9gration communautaire de Nipissing Ouest Conseil scolaire catholique Franco-Nord Conseil scolaire public [&hellip;]<\/p>\n","protected":false},"author":3,"featured_media":0,"parent":23,"menu_order":0,"comment_status":"closed","ping_status":"closed","template":"","meta":{"_acf_changed":false,"footnotes":""},"class_list":["post-11247","page","type-page","status-publish","hentry"],"acf":[],"yoast_head":"<!-- This site is optimized with the Yoast SEO Premium plugin v27.4 (Yoast SEO v27.4) - https:\/\/yoast.com\/product\/yoast-seo-premium-wordpress\/ -->\n<title>Nos partenaires - Centre de sant\u00e9 communautaire de Nipissing Ouest - West Nipissing Community Health Centre<\/title>\n<meta name=\"robots\" content=\"index, follow, max-snippet:-1, max-image-preview:large, max-video-preview:-1\" \/>\n<link rel=\"canonical\" href=\"https:\/\/www.cscno-wnchc.org\/fr\/a-propos-de-nous\/nos-partenaires\/\" \/>\n<meta property=\"og:locale\" content=\"fr_FR\" \/>\n<meta property=\"og:type\" content=\"article\" \/>\n<meta property=\"og:title\" content=\"Nos partenaires\" \/>\n<meta property=\"og:description\" content=\"AIDS Committee of North Bay and Area Centre Alliance Soci\u00e9t\u00e9 Alzheimer Anishinabek Police Services Au Ch\u00e2teau Coll\u00e8ge Bor\u00e9al Int\u00e9gration communautaire de Nipissing Ouest Conseil scolaire catholique Franco-Nord Conseil scolaire public [&hellip;]\" \/>\n<meta property=\"og:url\" content=\"https:\/\/www.cscno-wnchc.org\/fr\/a-propos-de-nous\/nos-partenaires\/\" \/>\n<meta property=\"og:site_name\" content=\"Centre de sant\u00e9 communautaire de Nipissing Ouest - West Nipissing Community Health Centre\" \/>\n<meta property=\"article:publisher\" content=\"https:\/\/www.facebook.com\/WestNipissingCHC\/\" \/>\n<meta property=\"article:modified_time\" content=\"2025-07-31T18:41:41+00:00\" \/>\n<meta name=\"twitter:card\" content=\"summary_large_image\" \/>\n<meta name=\"twitter:label1\" content=\"Dur\u00e9e de lecture estim\u00e9e\" \/>\n\t<meta name=\"twitter:data1\" content=\"1 minute\" \/>\n<script type=\"application\/ld+json\" class=\"yoast-schema-graph\">{\"@context\":\"https:\\\/\\\/schema.org\",\"@graph\":[{\"@type\":\"WebPage\",\"@id\":\"https:\\\/\\\/www.cscno-wnchc.org\\\/fr\\\/a-propos-de-nous\\\/nos-partenaires\\\/\",\"url\":\"https:\\\/\\\/www.cscno-wnchc.org\\\/fr\\\/a-propos-de-nous\\\/nos-partenaires\\\/\",\"name\":\"Nos partenaires - Centre de sant\u00e9 communautaire de Nipissing Ouest - West Nipissing Community Health Centre\",\"isPartOf\":{\"@id\":\"https:\\\/\\\/www.cscno-wnchc.org\\\/fr\\\/#website\"},\"datePublished\":\"2025-05-01T14:25:47+00:00\",\"dateModified\":\"2025-07-31T18:41:41+00:00\",\"breadcrumb\":{\"@id\":\"https:\\\/\\\/www.cscno-wnchc.org\\\/fr\\\/a-propos-de-nous\\\/nos-partenaires\\\/#breadcrumb\"},\"inLanguage\":\"fr-FR\",\"potentialAction\":[{\"@type\":\"ReadAction\",\"target\":[\"https:\\\/\\\/www.cscno-wnchc.org\\\/fr\\\/a-propos-de-nous\\\/nos-partenaires\\\/\"]}]},{\"@type\":\"BreadcrumbList\",\"@id\":\"https:\\\/\\\/www.cscno-wnchc.org\\\/fr\\\/a-propos-de-nous\\\/nos-partenaires\\\/#breadcrumb\",\"itemListElement\":[{\"@type\":\"ListItem\",\"position\":1,\"name\":\"Home\",\"item\":\"https:\\\/\\\/www.cscno-wnchc.org\\\/fr\\\/\"},{\"@type\":\"ListItem\",\"position\":2,\"name\":\"\u00c0 propos de nous\",\"item\":\"https:\\\/\\\/www.cscno-wnchc.org\\\/fr\\\/a-propos-de-nous\\\/\"},{\"@type\":\"ListItem\",\"position\":3,\"name\":\"Nos partenaires\"}]},{\"@type\":\"WebSite\",\"@id\":\"https:\\\/\\\/www.cscno-wnchc.org\\\/fr\\\/#website\",\"url\":\"https:\\\/\\\/www.cscno-wnchc.org\\\/fr\\\/\",\"name\":\"Centre de sant\u00e9 communautaire de Nipissing Ouest - West Nipissing Community Health Centre\",\"description\":\"Centre de sant\u00e9 communautaire de Nipissing Ouest - West Nipissing Community Health Centre\",\"publisher\":{\"@id\":\"https:\\\/\\\/www.cscno-wnchc.org\\\/fr\\\/#organization\"},\"potentialAction\":[{\"@type\":\"SearchAction\",\"target\":{\"@type\":\"EntryPoint\",\"urlTemplate\":\"https:\\\/\\\/www.cscno-wnchc.org\\\/fr\\\/?s={search_term_string}\"},\"query-input\":{\"@type\":\"PropertyValueSpecification\",\"valueRequired\":true,\"valueName\":\"search_term_string\"}}],\"inLanguage\":\"fr-FR\"},{\"@type\":\"Organization\",\"@id\":\"https:\\\/\\\/www.cscno-wnchc.org\\\/fr\\\/#organization\",\"name\":\"Centre de sant\u00e9 communautaire de Nipissing Ouest - West Nipissing Community Health Centre\",\"url\":\"https:\\\/\\\/www.cscno-wnchc.org\\\/fr\\\/\",\"logo\":{\"@type\":\"ImageObject\",\"inLanguage\":\"fr-FR\",\"@id\":\"https:\\\/\\\/www.cscno-wnchc.org\\\/fr\\\/#\\\/schema\\\/logo\\\/image\\\/\",\"url\":\"https:\\\/\\\/www.cscno-wnchc.org\\\/wp-content\\\/uploads\\\/2021\\\/06\\\/CSCNO_WNCHC_Badge.jpg\",\"contentUrl\":\"https:\\\/\\\/www.cscno-wnchc.org\\\/wp-content\\\/uploads\\\/2021\\\/06\\\/CSCNO_WNCHC_Badge.jpg\",\"width\":653,\"height\":569,\"caption\":\"Centre de sant\u00e9 communautaire de Nipissing Ouest - West Nipissing Community Health Centre\"},\"image\":{\"@id\":\"https:\\\/\\\/www.cscno-wnchc.org\\\/fr\\\/#\\\/schema\\\/logo\\\/image\\\/\"},\"sameAs\":[\"https:\\\/\\\/www.facebook.com\\\/WestNipissingCHC\\\/\"]}]}<\/script>\n<!-- \/ Yoast SEO Premium plugin. -->","yoast_head_json":{"title":"Nos partenaires - Centre de sant\u00e9 communautaire de Nipissing Ouest - West Nipissing Community Health Centre","robots":{"index":"index","follow":"follow","max-snippet":"max-snippet:-1","max-image-preview":"max-image-preview:large","max-video-preview":"max-video-preview:-1"},"canonical":"https:\/\/www.cscno-wnchc.org\/fr\/a-propos-de-nous\/nos-partenaires\/","og_locale":"fr_FR","og_type":"article","og_title":"Nos partenaires","og_description":"AIDS Committee of North Bay and Area Centre Alliance Soci\u00e9t\u00e9 Alzheimer Anishinabek Police Services Au Ch\u00e2teau Coll\u00e8ge Bor\u00e9al Int\u00e9gration communautaire de Nipissing Ouest Conseil scolaire catholique Franco-Nord Conseil scolaire public [&hellip;]","og_url":"https:\/\/www.cscno-wnchc.org\/fr\/a-propos-de-nous\/nos-partenaires\/","og_site_name":"Centre de sant\u00e9 communautaire de Nipissing Ouest - West Nipissing Community Health Centre","article_publisher":"https:\/\/www.facebook.com\/WestNipissingCHC\/","article_modified_time":"2025-07-31T18:41:41+00:00","twitter_card":"summary_large_image","twitter_misc":{"Dur\u00e9e de lecture estim\u00e9e":"1 minute"},"schema":{"@context":"https:\/\/schema.org","@graph":[{"@type":"WebPage","@id":"https:\/\/www.cscno-wnchc.org\/fr\/a-propos-de-nous\/nos-partenaires\/","url":"https:\/\/www.cscno-wnchc.org\/fr\/a-propos-de-nous\/nos-partenaires\/","name":"Nos partenaires - Centre de sant\u00e9 communautaire de Nipissing Ouest - West Nipissing Community Health Centre","isPartOf":{"@id":"https:\/\/www.cscno-wnchc.org\/fr\/#website"},"datePublished":"2025-05-01T14:25:47+00:00","dateModified":"2025-07-31T18:41:41+00:00","breadcrumb":{"@id":"https:\/\/www.cscno-wnchc.org\/fr\/a-propos-de-nous\/nos-partenaires\/#breadcrumb"},"inLanguage":"fr-FR","potentialAction":[{"@type":"ReadAction","target":["https:\/\/www.cscno-wnchc.org\/fr\/a-propos-de-nous\/nos-partenaires\/"]}]},{"@type":"BreadcrumbList","@id":"https:\/\/www.cscno-wnchc.org\/fr\/a-propos-de-nous\/nos-partenaires\/#breadcrumb","itemListElement":[{"@type":"ListItem","position":1,"name":"Home","item":"https:\/\/www.cscno-wnchc.org\/fr\/"},{"@type":"ListItem","position":2,"name":"\u00c0 propos de nous","item":"https:\/\/www.cscno-wnchc.org\/fr\/a-propos-de-nous\/"},{"@type":"ListItem","position":3,"name":"Nos partenaires"}]},{"@type":"WebSite","@id":"https:\/\/www.cscno-wnchc.org\/fr\/#website","url":"https:\/\/www.cscno-wnchc.org\/fr\/","name":"Centre de sant\u00e9 communautaire de Nipissing Ouest - West Nipissing Community Health Centre","description":"Centre de sant\u00e9 communautaire de Nipissing Ouest - West Nipissing Community Health Centre","publisher":{"@id":"https:\/\/www.cscno-wnchc.org\/fr\/#organization"},"potentialAction":[{"@type":"SearchAction","target":{"@type":"EntryPoint","urlTemplate":"https:\/\/www.cscno-wnchc.org\/fr\/?s={search_term_string}"},"query-input":{"@type":"PropertyValueSpecification","valueRequired":true,"valueName":"search_term_string"}}],"inLanguage":"fr-FR"},{"@type":"Organization","@id":"https:\/\/www.cscno-wnchc.org\/fr\/#organization","name":"Centre de sant\u00e9 communautaire de Nipissing Ouest - West Nipissing Community Health Centre","url":"https:\/\/www.cscno-wnchc.org\/fr\/","logo":{"@type":"ImageObject","inLanguage":"fr-FR","@id":"https:\/\/www.cscno-wnchc.org\/fr\/#\/schema\/logo\/image\/","url":"https:\/\/www.cscno-wnchc.org\/wp-content\/uploads\/2021\/06\/CSCNO_WNCHC_Badge.jpg","contentUrl":"https:\/\/www.cscno-wnchc.org\/wp-content\/uploads\/2021\/06\/CSCNO_WNCHC_Badge.jpg","width":653,"height":569,"caption":"Centre de sant\u00e9 communautaire de Nipissing Ouest - West Nipissing Community Health Centre"},"image":{"@id":"https:\/\/www.cscno-wnchc.org\/fr\/#\/schema\/logo\/image\/"},"sameAs":["https:\/\/www.facebook.com\/WestNipissingCHC\/"]}]}},"_links":{"self":[{"href":"https:\/\/www.cscno-wnchc.org\/fr\/wp-json\/wp\/v2\/pages\/11247","targetHints":{"allow":["GET"]}}],"collection":[{"href":"https:\/\/www.cscno-wnchc.org\/fr\/wp-json\/wp\/v2\/pages"}],"about":[{"href":"https:\/\/www.cscno-wnchc.org\/fr\/wp-json\/wp\/v2\/types\/page"}],"author":[{"embeddable":true,"href":"https:\/\/www.cscno-wnchc.org\/fr\/wp-json\/wp\/v2\/users\/3"}],"replies":[{"embeddable":true,"href":"https:\/\/www.cscno-wnchc.org\/fr\/wp-json\/wp\/v2\/comments?post=11247"}],"version-history":[{"count":0,"href":"https:\/\/www.cscno-wnchc.org\/fr\/wp-json\/wp\/v2\/pages\/11247\/revisions"}],"up":[{"embeddable":true,"href":"https:\/\/www.cscno-wnchc.org\/fr\/wp-json\/wp\/v2\/pages\/23"}],"wp:attachment":[{"href":"https:\/\/www.cscno-wnchc.org\/fr\/wp-json\/wp\/v2\/media?parent=11247"}],"curies":[{"name":"wp","href":"https:\/\/api.w.org\/{rel}","templated":true}]}}